{"id":9,"date":"2024-09-26T18:50:00","date_gmt":"2024-09-26T18:50:00","guid":{"rendered":"https:\/\/turkishgourmet.lv\/cart\/"},"modified":"2025-01-29T13:42:26","modified_gmt":"2025-01-29T13:42:26","slug":"cart","status":"publish","type":"page","link":"https:\/\/turkishgourmet.lv\/ru\/cart\/","title":{"rendered":"Cart"},"content":{"rendered":"<div data-elementor-type=\"wp-page\" data-elementor-id=\"9\" class=\"elementor elementor-9\" data-elementor-post-type=\"page\">\n\t\t\t\t\t\t<section class=\"elementor-section elementor-top-section elementor-element elementor-element-44954101 elementor-section-boxed elementor-section-height-default elementor-section-height-default\" data-id=\"44954101\" data-element_type=\"section\" data-e-type=\"section\" data-settings=\"{&quot;background_background&quot;:&quot;classic&quot;}\">\n\t\t\t\t\t\t<div class=\"elementor-container elementor-column-gap-default\">\n\t\t\t\t\t<div class=\"elementor-column elementor-col-100 elementor-top-column elementor-element elementor-element-4adcc596\" data-id=\"4adcc596\" data-element_type=\"column\" data-e-type=\"column\">\n\t\t\t<div class=\"elementor-widget-wrap elementor-element-populated\">\n\t\t\t\t\t\t<div class=\"elementor-element elementor-element-ed18096 elementor-widget elementor-widget-shortcode\" data-id=\"ed18096\" data-element_type=\"widget\" data-e-type=\"widget\" data-widget_type=\"shortcode.default\">\n\t\t\t\t<div class=\"elementor-widget-container\">\n\t\t\t\t\t\t\t<div class=\"elementor-shortcode\"><div class=\"woocommerce\"><div class=\"woocommerce-notices-wrapper\"><\/div><div class=\"wc-empty-cart-message\">\n\t<div class=\"cart-empty woocommerce-info\">\n\t\t\u00d0\u2019\u00d0\u00b0\u00d1\u02c6\u00d0\u00b0 \u00d0\u00ba\u00d0\u00be\u00d1\u20ac\u00d0\u00b7\u00d0\u00b8\u00d0\u00bd\u00d0\u00b0 \u00d0\u00bf\u00d0\u00be\u00d0\u00ba\u00d0\u00b0 \u00d0\u00bf\u00d1\u0192\u00d1\u0081\u00d1\u201a\u00d0\u00b0.\t<\/div>\n<\/div>\t<p class=\"return-to-shop\">\n\t\t<a class=\"button wc-backward\" href=\"https:\/\/turkishgourmet.lv\/ru\/shop\/\">\n\t\t\t\u00d0\u2019\u00d0\u00b5\u00d1\u20ac\u00d0\u00bd\u00d1\u0192\u00d1\u201a\u00d1\u0152\u00d1\u0081\u00d1\u008f \u00d0\u00b2 \u00d0\u00bc\u00d0\u00b0\u00d0\u00b3\u00d0\u00b0\u00d0\u00b7\u00d0\u00b8\u00d0\u00bd\t\t<\/a>\n\t<\/p>\n<\/div>\t<\/div>\n\t\t\t\t\t\t<\/div>\n\t\t\t\t<\/div>\n\t\t\t\t\t<\/div>\n\t\t<\/div>\n\t\t\t\t\t<\/div>\n\t\t<\/section>\n\t\t\t\t<\/div>","protected":false},"excerpt":{"rendered":"","protected":false},"author":1,"featured_media":0,"parent":0,"menu_order":0,"comment_status":"closed","ping_status":"closed","template":"elementor_header_footer","meta":{"_acf_changed":false,"footnotes":""},"class_list":["post-9","page","type-page","status-publish","hentry"],"acf":[],"_links":{"self":[{"href":"https:\/\/turkishgourmet.lv\/ru\/wp-json\/wp\/v2\/pages\/9","targetHints":{"allow":["GET"]}}],"collection":[{"href":"https:\/\/turkishgourmet.lv\/ru\/wp-json\/wp\/v2\/pages"}],"about":[{"href":"https:\/\/turkishgourmet.lv\/ru\/wp-json\/wp\/v2\/types\/page"}],"author":[{"embeddable":true,"href":"https:\/\/turkishgourmet.lv\/ru\/wp-json\/wp\/v2\/users\/1"}],"replies":[{"embeddable":true,"href":"https:\/\/turkishgourmet.lv\/ru\/wp-json\/wp\/v2\/comments?post=9"}],"version-history":[{"count":12,"href":"https:\/\/turkishgourmet.lv\/ru\/wp-json\/wp\/v2\/pages\/9\/revisions"}],"predecessor-version":[{"id":550,"href":"https:\/\/turkishgourmet.lv\/ru\/wp-json\/wp\/v2\/pages\/9\/revisions\/550"}],"wp:attachment":[{"href":"https:\/\/turkishgourmet.lv\/ru\/wp-json\/wp\/v2\/media?parent=9"}],"curies":[{"name":"wp","href":"https:\/\/api.w.org\/{rel}","templated":true}]}}