{"id":2289,"date":"2025-02-14T11:14:28","date_gmt":"2025-02-14T11:14:28","guid":{"rendered":"https:\/\/turkishgourmet.lv\/?page_id=2289"},"modified":"2025-02-14T11:19:58","modified_gmt":"2025-02-14T11:19:58","slug":"atgriesanas-noteikumi","status":"publish","type":"page","link":"https:\/\/turkishgourmet.lv\/ru\/atgriesanas-noteikumi\/","title":{"rendered":"Atgrie\u00c5\u00a1anas noteikumi"},"content":{"rendered":"<div data-elementor-type=\"wp-page\" data-elementor-id=\"2289\" class=\"elementor elementor-2289\" data-elementor-post-type=\"page\">\n\t\t\t\t\t\t<section class=\"elementor-section elementor-top-section elementor-element elementor-element-700f89d2 elementor-section-height-min-height elementor-section-boxed elementor-section-height-default elementor-section-items-middle\" data-id=\"700f89d2\" data-element_type=\"section\" data-e-type=\"section\" data-settings=\"{&quot;background_background&quot;:&quot;classic&quot;}\">\n\t\t\t\t\t\t\t<div class=\"elementor-background-overlay\"><\/div>\n\t\t\t\t\t\t\t<div class=\"elementor-container elementor-column-gap-default\">\n\t\t\t\t\t<div class=\"elementor-column elementor-col-100 elementor-top-column elementor-element elementor-element-3fc878fa\" data-id=\"3fc878fa\" data-element_type=\"column\" data-e-type=\"column\">\n\t\t\t<div class=\"elementor-widget-wrap elementor-element-populated\">\n\t\t\t\t\t\t\t<\/div>\n\t\t<\/div>\n\t\t\t\t\t<\/div>\n\t\t<\/section>\n\t\t\t\t<section class=\"elementor-section elementor-top-section elementor-element elementor-element-1e0ea649 elementor-section-boxed elementor-section-height-default elementor-section-height-default\" data-id=\"1e0ea649\" data-element_type=\"section\" data-e-type=\"section\" data-settings=\"{&quot;background_background&quot;:&quot;classic&quot;}\">\n\t\t\t\t\t\t<div class=\"elementor-container elementor-column-gap-default\">\n\t\t\t\t\t<div class=\"elementor-column elementor-col-100 elementor-top-column elementor-element elementor-element-6b5cb195\" data-id=\"6b5cb195\" data-element_type=\"column\" data-e-type=\"column\">\n\t\t\t<div class=\"elementor-widget-wrap elementor-element-populated\">\n\t\t\t\t\t\t<section class=\"elementor-section elementor-inner-section elementor-element elementor-element-77d0f7b6 elementor-section-boxed elementor-section-height-default elementor-section-height-default\" data-id=\"77d0f7b6\" data-element_type=\"section\" data-e-type=\"section\" data-settings=\"{&quot;background_background&quot;:&quot;classic&quot;}\">\n\t\t\t\t\t\t<div class=\"elementor-container elementor-column-gap-default\">\n\t\t\t\t\t<div class=\"elementor-column elementor-col-100 elementor-inner-column elementor-element elementor-element-148ec3dd\" data-id=\"148ec3dd\" data-element_type=\"column\" data-e-type=\"column\">\n\t\t\t<div class=\"elementor-widget-wrap elementor-element-populated\">\n\t\t\t\t\t\t<div class=\"elementor-element elementor-element-79fc940d elementor-widget elementor-widget-text-editor\" data-id=\"79fc940d\" data-element_type=\"widget\" data-e-type=\"widget\" data-widget_type=\"text-editor.default\">\n\t\t\t\t<div class=\"elementor-widget-container\">\n\t\t\t\t\t\t\t\t\t<p data-start=\"1955\" data-end=\"1984\"><strong data-start=\"1955\" data-end=\"1982\">1. Visp\u0101r\u012bgie noteikumi<\/strong><\/p><ul data-start=\"1985\" data-end=\"2279\"><li data-start=\"1985\" data-end=\"2136\">\u0160ie atgrie\u0161anas noteikumi nosaka k\u0101rt\u012bbu, k\u0101d\u0101 tiek pie\u0146emtas preces, kas ieg\u0101d\u0101tas <a href=\"https:\/\/turkishgourmet.lv\/ru\/\" target=\"_new\" rel=\"noopener\" data-start=\"2071\" data-end=\"2118\">Turkishgourmet.lv<\/a> t\u012bmek\u013ca vietn\u0113.<\/li><li data-start=\"2137\" data-end=\"2279\">Klienti var atgriezt preces saska\u0146\u0101 ar Latvijas Pat\u0113r\u0113t\u0101ju ties\u012bbu aizsardz\u012bbas likumu un Eiropas Savien\u012bbas Pat\u0113r\u0113t\u0101ju ties\u012bbu direkt\u012bvu.<\/li><\/ul><p data-start=\"2281\" data-end=\"2309\"><strong data-start=\"2281\" data-end=\"2307\">2. Atgrie\u0161anas termi\u0146\u0161<\/strong><\/p><ul data-start=\"2310\" data-end=\"2530\"><li data-start=\"2310\" data-end=\"2416\">Pat\u0113r\u0113t\u0101jiem ir ties\u012bbas <strong data-start=\"2337\" data-end=\"2355\">14 dienu laik\u0101<\/strong> no pieg\u0101des datuma atgriezt preci bez iemesla nor\u0101d\u012b\u0161anas.<\/li><li data-start=\"2417\" data-end=\"2530\">Lai preces tiktu pie\u0146emtas atpaka\u013c, t\u0101m j\u0101b\u016bt ori\u0123in\u0101laj\u0101 iepakojum\u0101, nelietot\u0101m un t\u0101l\u0101k p\u0101rdodam\u0101 st\u0101vokl\u012b.<\/li><\/ul><p data-start=\"2532\" data-end=\"2660\"><strong data-start=\"2532\" data-end=\"2567\">3. Preces, kuras nevar atgriezt<\/strong><br data-start=\"2567\" data-end=\"2570\" \/>\u0160\u0101du pre\u010du atgrie\u0161ana nav iesp\u0113jama higi\u0113nas, vesel\u012bbas vai \u012bpa\u0161a ra\u017eo\u0161anas procesa d\u0113\u013c:<\/p><ul data-start=\"2661\" data-end=\"2874\"><li data-start=\"2661\" data-end=\"2705\">Atv\u0113rtie vai pat\u0113r\u0113tie p\u0101rtikas produkti<\/li><li data-start=\"2706\" data-end=\"2736\">Person\u012bg\u0101s higi\u0113nas preces<\/li><li data-start=\"2737\" data-end=\"2805\">P\u0113c individu\u0101la pas\u016bt\u012bjuma izgatavotas vai personaliz\u0113tas preces<\/li><li data-start=\"2806\" data-end=\"2874\">Produkti ar beigu\u0161os der\u012bguma termi\u0146u vai atv\u0113rtiem iepakojumiem<\/li><\/ul><p data-start=\"2876\" data-end=\"2904\"><strong data-start=\"2876\" data-end=\"2902\">4. Atgrie\u0161anas process<\/strong><\/p><ul data-start=\"2905\" data-end=\"3184\"><li data-start=\"2905\" data-end=\"2991\">Lai atgrieztu preci, l\u016bdzu, sazinieties ar mums pa e-pastu: <a rel=\"noopener\" data-start=\"2967\" data-end=\"2989\">info@turkishgourmet.lv<\/a><\/li><li data-start=\"2992\" data-end=\"3080\">Kad atgrie\u0161ana ir apstiprin\u0101ta, prece j\u0101nos\u016bta uz nor\u0101d\u012bto adresi <strong data-start=\"3060\" data-end=\"3077\">7 dienu laik\u0101<\/strong>.<\/li><li data-start=\"3081\" data-end=\"3184\">Pieg\u0101des izmaksas sedz klients, iz\u0146emot gad\u012bjumus, kad prece ir boj\u0101ta vai tika pieg\u0101d\u0101ta k\u013c\u016bdaini.<\/li><\/ul><p data-start=\"3186\" data-end=\"3209\"><strong data-start=\"3186\" data-end=\"3207\">5. Naudas atmaksa<\/strong><\/p><ul data-start=\"3210\" data-end=\"3416\"><li data-start=\"3210\" data-end=\"3342\">P\u0113c preces sa\u0146em\u0161anas nauda tiks atmaks\u0101ta <strong data-start=\"3255\" data-end=\"3273\">14 dienu laik\u0101<\/strong> uz to pa\u0161u maks\u0101juma metodi, kas tika izmantota pirkuma veik\u0161anai.<\/li><li data-start=\"3343\" data-end=\"3416\">Pieg\u0101des izmaksas tiek atmaks\u0101tas tikai k\u013c\u016bdain\u0101m vai boj\u0101t\u0101m prec\u0113m.<\/li><\/ul>\t\t\t\t\t\t\t\t<\/div>\n\t\t\t\t<\/div>\n\t\t\t\t\t<\/div>\n\t\t<\/div>\n\t\t\t\t\t<\/div>\n\t\t<\/section>\n\t\t\t\t\t<\/div>\n\t\t<\/div>\n\t\t\t\t\t<\/div>\n\t\t<\/section>\n\t\t\t\t<\/div>","protected":false},"excerpt":{"rendered":"<p>1. Visp\u00c4\u0081r\u00c4\u00abgie noteikumi \u00c5\u00a0ie atgrie\u00c5\u00a1anas noteikumi nosaka k\u00c4\u0081rt\u00c4\u00abbu, k\u00c4\u0081d\u00c4\u0081 tiek pie\u00c5\u2020emtas preces, kas ieg\u00c4\u0081d\u00c4\u0081tas Turkishgourmet.lv t\u00c4\u00abmek\u00c4\u00bca vietn\u00c4\u201c. Klienti var atgriezt preces saska\u00c5\u2020\u00c4\u0081 ar Latvijas Pat\u00c4\u201cr\u00c4\u201ct\u00c4\u0081ju ties\u00c4\u00abbu aizsardz\u00c4\u00abbas likumu un Eiropas Savien\u00c4\u00abbas Pat\u00c4\u201cr\u00c4\u201ct\u00c4\u0081ju ties\u00c4\u00abbu direkt\u00c4\u00abvu. 2. Atgrie\u00c5\u00a1anas termi\u00c5\u2020\u00c5\u00a1 Pat\u00c4\u201cr\u00c4\u201ct\u00c4\u0081jiem ir ties\u00c4\u00abbas 14 dienu laik\u00c4\u0081 no pieg\u00c4\u0081des datuma atgriezt preci bez iemesla nor\u00c4\u0081d\u00c4\u00ab\u00c5\u00a1anas. Lai preces tiktu pie\u00c5\u2020emtas [&hellip;]<\/p>\n","protected":false},"author":1,"featured_media":0,"parent":0,"menu_order":0,"comment_status":"closed","ping_status":"closed","template":"elementor_header_footer","meta":{"_acf_changed":false,"footnotes":""},"class_list":["post-2289","page","type-page","status-publish","hentry"],"acf":[],"_links":{"self":[{"href":"https:\/\/turkishgourmet.lv\/ru\/wp-json\/wp\/v2\/pages\/2289","targetHints":{"allow":["GET"]}}],"collection":[{"href":"https:\/\/turkishgourmet.lv\/ru\/wp-json\/wp\/v2\/pages"}],"about":[{"href":"https:\/\/turkishgourmet.lv\/ru\/wp-json\/wp\/v2\/types\/page"}],"author":[{"embeddable":true,"href":"https:\/\/turkishgourmet.lv\/ru\/wp-json\/wp\/v2\/users\/1"}],"replies":[{"embeddable":true,"href":"https:\/\/turkishgourmet.lv\/ru\/wp-json\/wp\/v2\/comments?post=2289"}],"version-history":[{"count":10,"href":"https:\/\/turkishgourmet.lv\/ru\/wp-json\/wp\/v2\/pages\/2289\/revisions"}],"predecessor-version":[{"id":2306,"href":"https:\/\/turkishgourmet.lv\/ru\/wp-json\/wp\/v2\/pages\/2289\/revisions\/2306"}],"wp:attachment":[{"href":"https:\/\/turkishgourmet.lv\/ru\/wp-json\/wp\/v2\/media?parent=2289"}],"curies":[{"name":"wp","href":"https:\/\/api.w.org\/{rel}","templated":true}]}}