{"id":2123,"date":"2025-01-29T08:35:04","date_gmt":"2025-01-29T08:35:04","guid":{"rendered":"https:\/\/turkishgourmet.lv\/?page_id=2123"},"modified":"2025-01-29T08:42:18","modified_gmt":"2025-01-29T08:42:18","slug":"par-mums","status":"publish","type":"page","link":"https:\/\/turkishgourmet.lv\/ru\/par-mums\/","title":{"rendered":"\u00d0\u017e \u00d0\u00bd\u00d0\u00b0\u00d1\u0081"},"content":{"rendered":"<div data-elementor-type=\"wp-page\" data-elementor-id=\"2123\" class=\"elementor elementor-2123\" data-elementor-post-type=\"page\">\n\t\t\t\t\t\t<section class=\"elementor-section elementor-top-section elementor-element elementor-element-146e8c20 elementor-section-height-min-height elementor-section-boxed elementor-section-height-default elementor-section-items-middle\" data-id=\"146e8c20\" data-element_type=\"section\" data-e-type=\"section\" data-settings=\"{&quot;background_background&quot;:&quot;classic&quot;}\">\n\t\t\t\t\t\t\t<div class=\"elementor-background-overlay\"><\/div>\n\t\t\t\t\t\t\t<div class=\"elementor-container elementor-column-gap-default\">\n\t\t\t\t\t<div class=\"elementor-column elementor-col-100 elementor-top-column elementor-element elementor-element-6ef5378e\" data-id=\"6ef5378e\" data-element_type=\"column\" data-e-type=\"column\">\n\t\t\t<div class=\"elementor-widget-wrap elementor-element-populated\">\n\t\t\t\t\t\t\t<\/div>\n\t\t<\/div>\n\t\t\t\t\t<\/div>\n\t\t<\/section>\n\t\t\t\t<section class=\"elementor-section elementor-top-section elementor-element elementor-element-61199df6 elementor-section-boxed elementor-section-height-default elementor-section-height-default\" data-id=\"61199df6\" data-element_type=\"section\" data-e-type=\"section\" data-settings=\"{&quot;background_background&quot;:&quot;classic&quot;}\">\n\t\t\t\t\t\t<div class=\"elementor-container elementor-column-gap-default\">\n\t\t\t\t\t<div class=\"elementor-column elementor-col-100 elementor-top-column elementor-element elementor-element-5960bcb7\" data-id=\"5960bcb7\" data-element_type=\"column\" data-e-type=\"column\">\n\t\t\t<div class=\"elementor-widget-wrap elementor-element-populated\">\n\t\t\t\t\t\t<section class=\"elementor-section elementor-inner-section elementor-element elementor-element-f7a6e47 elementor-section-boxed elementor-section-height-default elementor-section-height-default\" data-id=\"f7a6e47\" data-element_type=\"section\" data-e-type=\"section\" data-settings=\"{&quot;background_background&quot;:&quot;classic&quot;}\">\n\t\t\t\t\t\t<div class=\"elementor-container elementor-column-gap-default\">\n\t\t\t\t\t<div class=\"elementor-column elementor-col-100 elementor-inner-column elementor-element elementor-element-2d65f52a\" data-id=\"2d65f52a\" data-element_type=\"column\" data-e-type=\"column\">\n\t\t\t<div class=\"elementor-widget-wrap elementor-element-populated\">\n\t\t\t\t\t\t<div class=\"elementor-element elementor-element-355672b elementor-widget elementor-widget-text-editor\" data-id=\"355672b\" data-element_type=\"widget\" data-e-type=\"widget\" data-widget_type=\"text-editor.default\">\n\t\t\t\t<div class=\"elementor-widget-container\">\n\t\t\t\t\t\t\t\t\t<p>Turkishgourmet.lv ir vado\u0161ais Turcijas p\u0101rtikas produktu pieg\u0101d\u0101t\u0101js Latvij\u0101, kas nodro\u0161ina klientiem visaugst\u0101k\u0101s kvalit\u0101tes Turcijas p\u0101rtiku. M\u016bsu misija ir pied\u0101v\u0101t tradicion\u0101l\u0101s Turcijas gar\u0161as vislab\u0101kaj\u0101 veid\u0101, pieg\u0101d\u0101jot svaigus un kvalitat\u012bvus produktus m\u016bsu klientiem Latvij\u0101. M\u0113s ne tikai pied\u0101v\u0101jam gar\u0161\u012bgus produktus, bet ar\u012b esam lepni par to, ka varam iepaz\u012bstin\u0101t klientus ar Turcijas virtuves kult\u016bru un bag\u0101t\u012bbu.<\/p><p>M\u0113s r\u016bp\u0113jamies par to, lai katrs m\u016bsu produkts b\u016btu augst\u0101k\u0101s kvalit\u0101tes. M\u016bsu produkciju kl\u0101st\u0101 ir tikai svaigi un kvalitat\u012bvi produkti, kas ieg\u016bti no uzticamiem pieg\u0101d\u0101t\u0101jiem. M\u0113s pied\u0101v\u0101jam pla\u0161u pre\u010du kl\u0101stu \u2013 svaigas gar\u0161vielas, ol\u012bve\u013c\u013cu produktus, piena izstr\u0101d\u0101jumus, saldumus, riekstus un daudz ko citu, kas nodro\u0161ina katram klientam iesp\u0113ju izbaud\u012bt Turcijas tradicion\u0101l\u0101s gar\u0161as tie\u0161i sav\u0101 virtuv\u0113.<\/p><p>Turkishgourmet.lv m\u0113r\u0137is ir nodro\u0161in\u0101t vislab\u0101ko klientu apmierin\u0101t\u012bbu. M\u0113s pied\u0101v\u0101jam \u0101tru un dro\u0161u iepirk\u0161an\u0101s iesp\u0113ju m\u016bsu m\u0101jaslap\u0101, lai m\u016bsu klienti var\u0113tu viegli ieg\u0101d\u0101ties visaugst\u0101k\u0101s kvalit\u0101tes Turcijas p\u0101rtikas produktus. M\u0113s past\u0101v\u012bgi att\u012bst\u0101m m\u016bsu pied\u0101v\u0101jumu, papla\u0161inot produktu kl\u0101stu un nodro\u0161inot, ka visi m\u016bsu produkti ir gatavoti p\u0113c tradicion\u0101laj\u0101m metod\u0113m, lai sniegtu jums vislab\u0101ko kvalit\u0101ti un gar\u0161u.<\/p><p>M\u0113s uzskat\u0101m, ka katrs klients ir \u012bpa\u0161s, un m\u0113s katru pas\u016bt\u012bjumu izturas ar \u012bpa\u0161u r\u016bp\u012bbu. T\u0101p\u0113c m\u0113s nodro\u0161in\u0101m \u0101tru un dro\u0161u pieg\u0101di un nep\u0101rtraukti str\u0101d\u0101jam, lai uzlabotu m\u016bsu klientu iepirk\u0161an\u0101s pieredzi.<\/p><p>Turkishgourmet.lv nav tikai p\u0101rtikas produktu pieg\u0101d\u0101t\u0101js \u2013 m\u0113s esam Turcijas virtuves un kult\u016bras v\u0113stne\u0161i Latvij\u0101. Katrs m\u016bsu produkts atspogu\u013co Turcijas kulin\u0101rijas v\u0113sturi un trad\u012bcijas. M\u0113s v\u0113lamies ne tikai pied\u0101v\u0101t kvalitat\u012bvus produktus, bet ar\u012b padar\u012bt tradicion\u0101l\u0101s Turcijas gar\u0161as pieejamas pla\u0161\u0101kai auditorijai Latvij\u0101.<\/p><p>Ja v\u0113laties iepaz\u012bt Turcijas bag\u0101t\u012bg\u0101s gar\u0161as un bag\u0101tin\u0101t savu galdu ar tradicion\u0101lajiem \u0113dieniem, Turkishgourmet.lv ir j\u016bsu ide\u0101l\u0101 izv\u0113le!<\/p>\t\t\t\t\t\t\t\t<\/div>\n\t\t\t\t<\/div>\n\t\t\t\t\t<\/div>\n\t\t<\/div>\n\t\t\t\t\t<\/div>\n\t\t<\/section>\n\t\t\t\t\t<\/div>\n\t\t<\/div>\n\t\t\t\t\t<\/div>\n\t\t<\/section>\n\t\t\t\t<\/div>","protected":false},"excerpt":{"rendered":"<p>Turkishgourmet.lv ir vado\u00c5\u00a1ais Turcijas p\u00c4\u0081rtikas produktu pieg\u00c4\u0081d\u00c4\u0081t\u00c4\u0081js Latvij\u00c4\u0081, kas nodro\u00c5\u00a1ina klientiem visaugst\u00c4\u0081k\u00c4\u0081s kvalit\u00c4\u0081tes Turcijas p\u00c4\u0081rtiku. M\u00c5\u00absu misija ir pied\u00c4\u0081v\u00c4\u0081t tradicion\u00c4\u0081l\u00c4\u0081s Turcijas gar\u00c5\u00a1as vislab\u00c4\u0081kaj\u00c4\u0081 veid\u00c4\u0081, pieg\u00c4\u0081d\u00c4\u0081jot svaigus un kvalitat\u00c4\u00abvus produktus m\u00c5\u00absu klientiem Latvij\u00c4\u0081. M\u00c4\u201cs ne tikai pied\u00c4\u0081v\u00c4\u0081jam gar\u00c5\u00a1\u00c4\u00abgus produktus, bet ar\u00c4\u00ab esam lepni par to, ka varam iepaz\u00c4\u00abstin\u00c4\u0081t klientus ar Turcijas virtuves kult\u00c5\u00abru un bag\u00c4\u0081t\u00c4\u00abbu. M\u00c4\u201cs [&hellip;]<\/p>\n","protected":false},"author":1,"featured_media":0,"parent":0,"menu_order":0,"comment_status":"closed","ping_status":"closed","template":"elementor_header_footer","meta":{"_acf_changed":false,"footnotes":""},"class_list":["post-2123","page","type-page","status-publish","hentry"],"acf":[],"_links":{"self":[{"href":"https:\/\/turkishgourmet.lv\/ru\/wp-json\/wp\/v2\/pages\/2123","targetHints":{"allow":["GET"]}}],"collection":[{"href":"https:\/\/turkishgourmet.lv\/ru\/wp-json\/wp\/v2\/pages"}],"about":[{"href":"https:\/\/turkishgourmet.lv\/ru\/wp-json\/wp\/v2\/types\/page"}],"author":[{"embeddable":true,"href":"https:\/\/turkishgourmet.lv\/ru\/wp-json\/wp\/v2\/users\/1"}],"replies":[{"embeddable":true,"href":"https:\/\/turkishgourmet.lv\/ru\/wp-json\/wp\/v2\/comments?post=2123"}],"version-history":[{"count":7,"href":"https:\/\/turkishgourmet.lv\/ru\/wp-json\/wp\/v2\/pages\/2123\/revisions"}],"predecessor-version":[{"id":2136,"href":"https:\/\/turkishgourmet.lv\/ru\/wp-json\/wp\/v2\/pages\/2123\/revisions\/2136"}],"wp:attachment":[{"href":"https:\/\/turkishgourmet.lv\/ru\/wp-json\/wp\/v2\/media?parent=2123"}],"curies":[{"name":"wp","href":"https:\/\/api.w.org\/{rel}","templated":true}]}}