{"id":11,"date":"2024-09-26T18:50:00","date_gmt":"2024-09-26T18:50:00","guid":{"rendered":"https:\/\/turkishgourmet.lv\/my-account\/"},"modified":"2025-01-29T07:32:24","modified_gmt":"2025-01-29T07:32:24","slug":"my-account","status":"publish","type":"page","link":"https:\/\/turkishgourmet.lv\/ru\/my-account\/","title":{"rendered":"\u00d0\u0153\u00d0\u00be\u00d0\u00b9 \u00d1\u0081\u00d1\u2021\u00d0\u00b5\u00d1\u201a"},"content":{"rendered":"<div data-elementor-type=\"wp-page\" data-elementor-id=\"11\" class=\"elementor elementor-11\" data-elementor-post-type=\"page\">\n\t\t\t\t<section class=\"elementor-section elementor-top-section elementor-element elementor-element-ed8f565 elementor-section-height-min-height elementor-section-boxed elementor-section-height-default elementor-section-items-middle\" data-id=\"ed8f565\" data-element_type=\"section\" data-e-type=\"section\" data-settings=\"{&quot;background_background&quot;:&quot;classic&quot;}\">\n\t\t\t\t\t\t\t<div class=\"elementor-background-overlay\"><\/div>\n\t\t\t\t\t\t\t<div class=\"elementor-container elementor-column-gap-default\">\n\t\t\t\t\t<div class=\"elementor-column elementor-col-100 elementor-top-column elementor-element elementor-element-12d5891\" data-id=\"12d5891\" data-element_type=\"column\" data-e-type=\"column\">\n\t\t\t<div class=\"elementor-widget-wrap elementor-element-populated\">\n\t\t\t\t\t\t<div class=\"elementor-element elementor-element-5eaa854 elementor-widget elementor-widget-heading\" data-id=\"5eaa854\" data-element_type=\"widget\" data-e-type=\"widget\" data-widget_type=\"heading.default\">\n\t\t\t\t<div class=\"elementor-widget-container\">\n\t\t\t\t\t<h2 class=\"elementor-heading-title elementor-size-default\">\u00d0\u0153\u00d0\u00be\u00d0\u00b9 \u00d1\u0081\u00d1\u2021\u00d0\u00b5\u00d1\u201a\n<\/h2>\t\t\t\t<\/div>\n\t\t\t\t<\/div>\n\t\t\t\t\t<\/div>\n\t\t<\/div>\n\t\t\t\t\t<\/div>\n\t\t<\/section>\n\t\t\t\t<section class=\"elementor-section elementor-top-section elementor-element elementor-element-c4a26b0 elementor-section-boxed elementor-section-height-default elementor-section-height-default\" data-id=\"c4a26b0\" data-element_type=\"section\" data-e-type=\"section\">\n\t\t\t\t\t\t<div class=\"elementor-container elementor-column-gap-default\">\n\t\t\t\t\t<div class=\"elementor-column elementor-col-66 elementor-top-column elementor-element elementor-element-4707bfa\" data-id=\"4707bfa\" data-element_type=\"column\" data-e-type=\"column\">\n\t\t\t<div class=\"elementor-widget-wrap elementor-element-populated\">\n\t\t\t\t\t\t<div class=\"elementor-element elementor-element-72a3546f elementor-widget elementor-widget-text-editor\" data-id=\"72a3546f\" data-element_type=\"widget\" data-e-type=\"widget\" data-widget_type=\"text-editor.default\">\n\t\t\t\t<div class=\"elementor-widget-container\"><div class=\"woocommerce\">\n<div class=\"woocommerce-notices-wrapper\"><\/div>\n<div class=\"xoo-el-form-container xoo-el-form-inline\" data-active=\"login\">\n<div class=\"xoo-el-header\">\n<ul class=\"xoo-el-tabs\">\n<li data-tab=\"login\" class=\"xoo-el-login-tgr\" style=\"order: 0 \">Login<\/li>\n<li data-tab=\"register\" class=\"xoo-el-reg-tgr\" style=\"order: 1\">Sign Up<\/li>\n<\/ul>\n<\/div>\n<div data-section=\"login\" class=\"xoo-el-section\">\n<div class=\"xoo-el-fields\">\n<div class=\"xoo-el-notice\"><\/div>\n<form class=\"xoo-el-action-form xoo-el-form-login\" action=\"\">\n<div class=\"xoo-el-fields-cont\">\n<div class=\"xoo-aff-group xoo-aff-cont-text one xoo-aff-cont-required xoo-el-username_cont\">\n<div class=\"xoo-aff-input-group\"><span class=\"xoo-aff-input-icon fas fa-user-plus\"><\/span><input type=\"text\" class=\"xoo-aff-required xoo-aff-text xoo-aff-field\" name=\"xoo-el-username\" placeholder=\"Lietot\u0101jv\u0101rds\/E-pasts\"  value=\"\" required=\"\t\" autocomplete=\"username\"\/><\/div>\n<\/div>\n<div class=\"xoo-aff-group xoo-aff-cont-password one xoo-aff-cont-required xoo-el-password_cont\">\n<div class=\"xoo-aff-input-group\"><span class=\"xoo-aff-input-icon fas fa-key\"><\/span><input type=\"password\" class=\"xoo-aff-required xoo-aff-password xoo-aff-field\" name=\"xoo-el-password\" placeholder=\"\u00d0\u0178\u00d0\u00b0\u00d1\u20ac\u00d0\u00be\u00d0\u00bb\u00d1\u0152\"  value=\"\" required=\"\t\" autocomplete=\"current-password\"\/><\/p>\n<div class=\"xoo-aff-pw-toggle\">\n\t\t\t\t\t<span class=\"xoo-aff-pwtog-show\"><i class=\"far fa-eye\"><\/i><\/span><br \/>\n\t\t\t\t\t<span class=\"xoo-aff-pwtog-hide\"><i class=\"far fa-eye-slash\"><\/i><\/span>\n\t\t\t\t\t<\/div>\n<\/div>\n<\/div>\n<\/div>\n<div class=\"xoo-aff-group xoo-el-login-btm-fields\">\n\t<label class=\"xoo-el-form-label\"><br \/>\n\t\t<input type=\"checkbox\" name=\"xoo-el-rememberme\" value=\"forever\" \/><br \/>\n\t\t<span>\u0417\u0430\u043f\u043e\u043c\u043d\u0438\u0442\u044c \u043c\u0435\u043d\u044f<\/span><br \/>\n\t<\/label><br \/>\n\t<a class=\"xoo-el-lostpw-tgr\" rel=\"nofollow\" href=\"#\">\u0417\u0430\u0431\u044b\u043b\u0438 \u043f\u0430\u0440\u043e\u043b\u044c?<\/a>\n<\/div>\n<p><input type=\"hidden\" name=\"_xoo_el_form\" value=\"login\"><\/p>\n<p><button type=\"submit\" class=\"button btn xoo-el-action-btn xoo-el-login-btn\" >Sign in<\/button><\/p>\n<p><input type=\"hidden\" name=\"xoo_el_redirect\" value=\"\/my-account\/\"><\/p><input type=\"hidden\" name=\"trp-form-language\" value=\"ru\"\/><\/form>\n<\/p><\/div>\n<\/p><\/div>\n<div data-section=\"register\" class=\"xoo-el-section\">\n<div class=\"xoo-el-fields\">\n<div class=\"xoo-el-notice\"><\/div>\n<form class=\"xoo-el-action-form xoo-el-form-register\" action=\"\">\n<div class=\"xoo-el-fields-cont\">\n<div class=\"xoo-aff-group xoo-aff-cont-email one xoo-aff-cont-required xoo_el_reg_email_cont\">\n<div class=\"xoo-aff-input-group\"><span class=\"xoo-aff-input-icon fas fa-at\"><\/span><input type=\"email\" class=\"xoo-aff-required xoo-aff-email xoo-aff-field\" name=\"xoo_el_reg_email\" placeholder=\"\u00d0\u00ad\u00d0\u00bb\u00d0\u00b5\u00d0\u00ba\u00d1\u201a\u00d1\u20ac\u00d0\u00be\u00d0\u00bd\u00d0\u00bd\u00d0\u00b0\u00d1\u008f \u00d0\u00bf\u00d0\u00be\u00d1\u2021\u00d1\u201a\u00d0\u00b0\"  value=\"\" required=\"\t\" autocomplete=\"email\"\/><\/div>\n<\/div>\n<div class=\"xoo-aff-group xoo-aff-cont-text onehalf xoo-aff-cont-required xoo_el_reg_fname_cont\">\n<div class=\"xoo-aff-input-group\"><span class=\"xoo-aff-input-icon far fa-user\"><\/span><input type=\"text\" class=\"xoo-aff-required xoo-aff-text xoo-aff-field\" name=\"xoo_el_reg_fname\" placeholder=\"V\u0101rds\"  value=\"\" required=\"\t\"\/><\/div>\n<\/div>\n<div class=\"xoo-aff-group xoo-aff-cont-text onehalf xoo-aff-cont-required xoo_el_reg_lname_cont\">\n<div class=\"xoo-aff-input-group\"><span class=\"xoo-aff-input-icon far fa-user\"><\/span><input type=\"text\" class=\"xoo-aff-required xoo-aff-text xoo-aff-field\" name=\"xoo_el_reg_lname\" placeholder=\"Uzv\u0101rds\"  value=\"\" required=\"\t\"\/><\/div>\n<\/div>\n<div class=\"xoo-aff-group xoo-aff-cont-password one xoo-aff-cont-required xoo_el_reg_pass_cont\">\n<div class=\"xoo-aff-input-group\"><span class=\"xoo-aff-input-icon fas fa-key\"><\/span><input type=\"password\" class=\"xoo-aff-required xoo-aff-password xoo-aff-field\" name=\"xoo_el_reg_pass\" placeholder=\"\u00d0\u0178\u00d0\u00b0\u00d1\u20ac\u00d0\u00be\u00d0\u00bb\u00d1\u0152\"  value=\"\" maxlength=\"20\" minlength=\"6\" required=\"\t\" autocomplete=\"new-password\"\/><\/p>\n<div class=\"xoo-aff-pw-toggle\">\n\t\t\t\t\t<span class=\"xoo-aff-pwtog-show\"><i class=\"far fa-eye\"><\/i><\/span><br \/>\n\t\t\t\t\t<span class=\"xoo-aff-pwtog-hide\"><i class=\"far fa-eye-slash\"><\/i><\/span>\n\t\t\t\t\t<\/div>\n<\/div>\n<\/div>\n<div class=\"xoo-aff-group xoo-aff-cont-password one xoo-aff-cont-required xoo_el_reg_pass_again_cont\">\n<div class=\"xoo-aff-input-group\"><span class=\"xoo-aff-input-icon fas fa-key\"><\/span><input type=\"password\" class=\"xoo-aff-required xoo-aff-password xoo-aff-field\" name=\"xoo_el_reg_pass_again\" placeholder=\"\u00d0\u0178\u00d0\u00be\u00d0\u00b4\u00d1\u201a\u00d0\u00b2\u00d0\u00b5\u00d1\u20ac\u00d0\u00b4\u00d0\u00b8\u00d1\u201a\u00d0\u00b5 \u00d0\u00bf\u00d0\u00b0\u00d1\u20ac\u00d0\u00be\u00d0\u00bb\u00d1\u0152\"  value=\"\" required=\"\t\" autocomplete=\"new-password\"\/><\/p>\n<div class=\"xoo-aff-pw-toggle\">\n\t\t\t\t\t<span class=\"xoo-aff-pwtog-show\"><i class=\"far fa-eye\"><\/i><\/span><br \/>\n\t\t\t\t\t<span class=\"xoo-aff-pwtog-hide\"><i class=\"far fa-eye-slash\"><\/i><\/span>\n\t\t\t\t\t<\/div>\n<\/div>\n<\/div>\n<div class=\"xoo-aff-group xoo-aff-cont-checkbox_single one xoo-aff-cont-required xoo_el_reg_terms_cont\">\n<div class=\"xoo-aff-required xoo-aff-checkbox_single xoo-aff-field\"><label><input type=\"checkbox\" name=\"xoo_el_reg_terms\" class=\"xoo-aff-required xoo-aff-checkbox_single xoo-aff-field\" value=\"J\u0101\" >Es piekr\u012btu <a href=\"https:\/\/turkishgourmet.lv\/ru\/?page_id=3\" target=\"_blank\">Pakalpojumu snieg\u0161anas noteikumiem un Priv\u0101tuma politikai<\/a><\/label><\/div>\n<\/div>\n<\/div>\n<p><input type=\"hidden\" name=\"_xoo_el_form\" value=\"register\"><\/p>\n<p><button type=\"submit\" class=\"button btn xoo-el-action-btn xoo-el-register-btn\">Sign Up<\/button><\/p>\n<p><input type=\"hidden\" name=\"xoo_el_redirect\" value=\"\/ru\/wp-json\/wp\/v2\/pages\/11\"><\/p><input type=\"hidden\" name=\"trp-form-language\" value=\"ru\"\/><\/form>\n<\/p><\/div>\n<\/p><\/div>\n<div data-section=\"lostpw\" class=\"xoo-el-section\">\n<div class=\"xoo-el-fields\">\n<div class=\"xoo-el-notice\"><\/div>\n<form class=\"xoo-el-action-form xoo-el-form-lostpw\" action=\"\">\n<p><span class=\"xoo-el-form-txt\">\u0417\u0430\u0431\u044b\u043b\u0438 \u043f\u0430\u0440\u043e\u043b\u044c? \u041f\u043e\u0436\u0430\u043b\u0443\u0439\u0441\u0442\u0430, \u0432\u0432\u0435\u0434\u0438\u0442\u0435 \u0432\u0430\u0448\u0435 \u0438\u043c\u044f \u043f\u043e\u043b\u044c\u0437\u043e\u0432\u0430\u0442\u0435\u043b\u044f \u0438\u043b\u0438 \u0430\u0434\u0440\u0435\u0441 \u044d\u043b\u0435\u043a\u0442\u0440\u043e\u043d\u043d\u043e\u0439 \u043f\u043e\u0447\u0442\u044b. \u0412\u044b \u043f\u043e\u043b\u0443\u0447\u0438\u0442\u0435 \u0441\u0441\u044b\u043b\u043a\u0443 \u0434\u043b\u044f \u0441\u043e\u0437\u0434\u0430\u043d\u0438\u044f \u043d\u043e\u0432\u043e\u0433\u043e \u043f\u0430\u0440\u043e\u043b\u044f \u043f\u043e \u044d\u043b\u0435\u043a\u0442\u0440\u043e\u043d\u043d\u043e\u0439 \u043f\u043e\u0447\u0442\u0435.<\/span><\/p>\n<div class=\"xoo-el-fields-cont\">\n<div class=\"xoo-aff-group xoo-aff-cont-text one xoo-aff-cont-required user_login_cont\">\n<div class=\"xoo-aff-input-group\"><span class=\"xoo-aff-input-icon fas fa-user-plus\"><\/span><input type=\"text\" class=\"xoo-aff-required xoo-aff-text xoo-aff-field\" name=\"user_login\" placeholder=\"\u00d0\u02dc\u00d0\u00bc\u00d1\u008f \u00d0\u00bf\u00d0\u00be\u00d0\u00bb\u00d1\u0152\u00d0\u00b7\u00d0\u00be\u00d0\u00b2\u00d0\u00b0\u00d1\u201a\u00d0\u00b5\u00d0\u00bb\u00d1\u008f \/ \u00d0\u00ad\u00d0\u00bb\u00d0\u00b5\u00d0\u00ba\u00d1\u201a\u00d1\u20ac\u00d0\u00be\u00d0\u00bd\u00d0\u00bd\u00d0\u00b0\u00d1\u008f \u00d0\u00bf\u00d0\u00be\u00d1\u2021\u00d1\u201a\u00d0\u00b0\"  value=\"\" required=\"\t\"\/><\/div>\n<\/div>\n<\/div>\n<p><input type=\"hidden\" name=\"_xoo_el_form\" value=\"lostPassword\"><\/p>\n<p><input type=\"hidden\" name=\"_wp_http_referer\" value=\"\/ru\/wp-json\/wp\/v2\/pages\/11\" \/><br \/>\n<button type=\"submit\" class=\"button btn xoo-el-action-btn xoo-el-lostpw-btn\">Email Reset Link<\/button><\/p><input type=\"hidden\" name=\"trp-form-language\" value=\"ru\"\/><\/form>\n<\/p><\/div>\n<\/p><\/div>\n<\/div>\n<\/div><\/div>\n\t\t\t\t<\/div>\n\t\t\t\t\t<\/div>\n\t\t<\/div>\n\t\t\t\t\t<\/div>\n\t\t<\/section>\t\t<\/div>","protected":false},"excerpt":{"rendered":"<p>Mans konts Inform\u00c4\u0081cijas panelis Redi\u00c4\u00a3\u00c4\u201ct kontu Adreses Pas\u00c5\u00abt\u00c4\u00abjumi V\u00c4\u201clmju saraksts Atteikties<\/p>","protected":false},"author":1,"featured_media":0,"parent":0,"menu_order":0,"comment_status":"closed","ping_status":"closed","template":"elementor_header_footer","meta":{"_acf_changed":false,"footnotes":""},"class_list":["post-11","page","type-page","status-publish","hentry"],"acf":[],"_links":{"self":[{"href":"https:\/\/turkishgourmet.lv\/ru\/wp-json\/wp\/v2\/pages\/11","targetHints":{"allow":["GET"]}}],"collection":[{"href":"https:\/\/turkishgourmet.lv\/ru\/wp-json\/wp\/v2\/pages"}],"about":[{"href":"https:\/\/turkishgourmet.lv\/ru\/wp-json\/wp\/v2\/types\/page"}],"author":[{"embeddable":true,"href":"https:\/\/turkishgourmet.lv\/ru\/wp-json\/wp\/v2\/users\/1"}],"replies":[{"embeddable":true,"href":"https:\/\/turkishgourmet.lv\/ru\/wp-json\/wp\/v2\/comments?post=11"}],"version-history":[{"count":90,"href":"https:\/\/turkishgourmet.lv\/ru\/wp-json\/wp\/v2\/pages\/11\/revisions"}],"predecessor-version":[{"id":2062,"href":"https:\/\/turkishgourmet.lv\/ru\/wp-json\/wp\/v2\/pages\/11\/revisions\/2062"}],"wp:attachment":[{"href":"https:\/\/turkishgourmet.lv\/ru\/wp-json\/wp\/v2\/media?parent=11"}],"curies":[{"name":"wp","href":"https:\/\/api.w.org\/{rel}","templated":true}]}}