{"id":1807,"date":"2025-01-27T16:56:22","date_gmt":"2025-01-27T16:56:22","guid":{"rendered":"https:\/\/turkishgourmet.lv\/product\/casvaa-osmanli-cayi-200g-otomau-%c2%8aisto%c2%8aa-tja\/"},"modified":"2025-01-27T16:56:24","modified_gmt":"2025-01-27T16:56:24","slug":"casvaa-osmanli-cayi-200g-otomau-%c2%8aisto%c2%8aa-tja","status":"publish","type":"product","link":"https:\/\/turkishgourmet.lv\/en\/product\/casvaa-osmanli-cayi-200g-otomau-%c2%8aisto%c2%8aa-tja\/","title":{"rendered":"CASVAA OSMANLI CAYI  200G &#8211; OTOMA?U \u00c2\u0160?ISTO\u00c2\u0160A T?JA"},"content":{"rendered":"","protected":false},"excerpt":{"rendered":"","protected":false},"featured_media":1808,"template":"","meta":{"_acf_changed":false},"product_cat":[81,84],"product_tag":[],"class_list":{"0":"post-1807","1":"product","2":"type-product","3":"status-publish","4":"has-post-thumbnail","6":"product_cat-icecek-grubu","7":"product_cat-turk-caylari","9":"first","10":"instock","11":"purchasable","12":"product-type-simple"},"acf":[],"_links":{"self":[{"href":"https:\/\/turkishgourmet.lv\/en\/wp-json\/wp\/v2\/product\/1807","targetHints":{"allow":["GET"]}}],"collection":[{"href":"https:\/\/turkishgourmet.lv\/en\/wp-json\/wp\/v2\/product"}],"about":[{"href":"https:\/\/turkishgourmet.lv\/en\/wp-json\/wp\/v2\/types\/product"}],"wp:featuredmedia":[{"embeddable":true,"href":"https:\/\/turkishgourmet.lv\/en\/wp-json\/wp\/v2\/media\/1808"}],"wp:attachment":[{"href":"https:\/\/turkishgourmet.lv\/en\/wp-json\/wp\/v2\/media?parent=1807"}],"wp:term":[{"taxonomy":"product_cat","embeddable":true,"href":"https:\/\/turkishgourmet.lv\/en\/wp-json\/wp\/v2\/product_cat?post=1807"},{"taxonomy":"product_tag","embeddable":true,"href":"https:\/\/turkishgourmet.lv\/en\/wp-json\/wp\/v2\/product_tag?post=1807"}],"curies":[{"name":"wp","href":"https:\/\/api.w.org\/{rel}","templated":true}]}}