{"id":3,"date":"2024-09-25T22:02:59","date_gmt":"2024-09-25T22:02:59","guid":{"rendered":"https:\/\/turkishgourmet.lv\/?page_id=3"},"modified":"2025-01-29T08:52:23","modified_gmt":"2025-01-29T08:52:23","slug":"privacy-policy","status":"publish","type":"page","link":"https:\/\/turkishgourmet.lv\/en\/privacy-policy\/","title":{"rendered":"Privacy Policy"},"content":{"rendered":"<div data-elementor-type=\"wp-page\" data-elementor-id=\"3\" class=\"elementor elementor-3\" data-elementor-post-type=\"page\">\n\t\t\t\t\t\t<section class=\"elementor-section elementor-top-section elementor-element elementor-element-5ccc4418 elementor-section-height-min-height elementor-section-boxed elementor-section-height-default elementor-section-items-middle\" data-id=\"5ccc4418\" data-element_type=\"section\" data-e-type=\"section\" data-settings=\"{&quot;background_background&quot;:&quot;classic&quot;}\">\n\t\t\t\t\t\t\t<div class=\"elementor-background-overlay\"><\/div>\n\t\t\t\t\t\t\t<div class=\"elementor-container elementor-column-gap-default\">\n\t\t\t\t\t<div class=\"elementor-column elementor-col-100 elementor-top-column elementor-element elementor-element-6d01193f\" data-id=\"6d01193f\" data-element_type=\"column\" data-e-type=\"column\">\n\t\t\t<div class=\"elementor-widget-wrap elementor-element-populated\">\n\t\t\t\t\t\t\t<\/div>\n\t\t<\/div>\n\t\t\t\t\t<\/div>\n\t\t<\/section>\n\t\t\t\t<section class=\"elementor-section elementor-top-section elementor-element elementor-element-65458172 elementor-section-boxed elementor-section-height-default elementor-section-height-default\" data-id=\"65458172\" data-element_type=\"section\" data-e-type=\"section\" data-settings=\"{&quot;background_background&quot;:&quot;classic&quot;}\">\n\t\t\t\t\t\t<div class=\"elementor-container elementor-column-gap-default\">\n\t\t\t\t\t<div class=\"elementor-column elementor-col-100 elementor-top-column elementor-element elementor-element-3975ba80\" data-id=\"3975ba80\" data-element_type=\"column\" data-e-type=\"column\">\n\t\t\t<div class=\"elementor-widget-wrap elementor-element-populated\">\n\t\t\t\t\t\t<section class=\"elementor-section elementor-inner-section elementor-element elementor-element-5ff62a43 elementor-section-boxed elementor-section-height-default elementor-section-height-default\" data-id=\"5ff62a43\" data-element_type=\"section\" data-e-type=\"section\" data-settings=\"{&quot;background_background&quot;:&quot;classic&quot;}\">\n\t\t\t\t\t\t<div class=\"elementor-container elementor-column-gap-default\">\n\t\t\t\t\t<div class=\"elementor-column elementor-col-100 elementor-inner-column elementor-element elementor-element-018602f\" data-id=\"018602f\" data-element_type=\"column\" data-e-type=\"column\">\n\t\t\t<div class=\"elementor-widget-wrap elementor-element-populated\">\n\t\t\t\t\t\t<div class=\"elementor-element elementor-element-656a0d4 elementor-widget elementor-widget-text-editor\" data-id=\"656a0d4\" data-element_type=\"widget\" data-e-type=\"widget\" data-widget_type=\"text-editor.default\">\n\t\t\t\t<div class=\"elementor-widget-container\">\n\t\t\t\t\t\t\t\t\t<p><strong>About us<\/strong><\/p>\n<p>Ieteiktais teksts: M\u016bsu vietnes adrese ir: <a href=\"https:\/\/turkishgourmet.lv\/en\/\" target=\"_new\" rel=\"noopener\">https:\/\/turkishgourmet.lv<\/a>.<\/p>\n<p><strong>Koment\u0101ri<\/strong><\/p>\n<p>Ieteiktais teksts: Kad apmekl\u0113t\u0101ji atst\u0101j koment\u0101rus vietn\u0113, m\u0113s v\u0101kam datus, kas nor\u0101d\u012bti koment\u0101ru veidlap\u0101, k\u0101 ar\u012b apmekl\u0113t\u0101ja IP adresi un p\u0101rl\u016bkprogrammas lietot\u0101ja a\u0123enta virkni, lai pal\u012bdz\u0113tu nov\u0113rst surog\u0101tpastu.<\/p>\n<p>Anonimiz\u0113ta virkne, kas izveidota no j\u016bsu e-pasta adreses (saukta ar\u012b par kaktu), var tikt nodota Gravatar pakalpojumam, lai noskaidrotu, vai izmantojat \u0161o pakalpojumu. P\u0113c j\u016bsu koment\u0101ra apstiprin\u0101\u0161anas j\u016bsu profila att\u0113ls b\u016bs redzams publikai saist\u012bb\u0101 ar j\u016bsu koment\u0101ru.<\/p>\n<p><strong>Multimedia<\/strong><\/p>\n<p>Ieteiktais teksts: Ja aug\u0161upiel\u0101d\u0113jat att\u0113lus vietn\u0113, ieteicams izvair\u012bties no att\u0113lu aug\u0161upiel\u0101des ar iek\u013cautiem atra\u0161an\u0101s vietas datiem (EXIF GPS). Vietnes apmekl\u0113t\u0101ji var lejupiel\u0101d\u0113t un iz\u0146emt jebk\u0101du atra\u0161an\u0101s vietas datus no att\u0113liem vietn\u0113.<\/p>\n<p><strong>S\u012bkdatnes<\/strong><\/p>\n<p>Ieteiktais teksts: Ja atst\u0101jat koment\u0101ru m\u016bsu vietn\u0113, j\u016bs varat izv\u0113l\u0113ties saglab\u0101t savu v\u0101rdu, e-pasta adresi un vietni s\u012bkdatn\u0113s. \u0160\u012bs s\u012bkdatnes tiek izmantotas j\u016bsu \u0113rt\u012bbai, lai j\u016bs n\u0101kotn\u0113 nevajadz\u0113tu atk\u0101rtoti aizpild\u012bt savus datus, atst\u0101jot citu koment\u0101ru. \u0160\u012bs s\u012bkdatnes b\u016bs sp\u0113k\u0101 vienu gadu.<\/p>\n<p>Ja apmekl\u0113jat m\u016bsu pieteik\u0161an\u0101s lapu, m\u0113s iestat\u012bsim pagaidu s\u012bkdatni, lai noteiktu, vai j\u016bsu p\u0101rl\u016bkprogramma pie\u0146em s\u012bkdatnes. \u0160\u012b s\u012bkdatne nesatur person\u012bgu inform\u0101ciju un tiek izdz\u0113sta, kad aizverat p\u0101rl\u016bkprogrammu.<\/p>\n<p>Kad piesak\u0101ties, m\u0113s ar\u012b iestat\u012bsim vair\u0101kas s\u012bkdatnes, lai saglab\u0101tu j\u016bsu pieteik\u0161an\u0101s inform\u0101ciju un ekr\u0101na izv\u0113les. Pieteik\u0161an\u0101s s\u012bkdatnes ir sp\u0113k\u0101 divas dienas, bet ekr\u0101na izv\u0113les s\u012bkdatnes \u2014 gadu. Ja izv\u0113laties \u201cAtcer\u0113ties mani\u201d, j\u016bsu pieteik\u0161an\u0101s saglab\u0101sies divas ned\u0113\u013cas. Ja izrakst\u012bsieties no sava konta, pieteik\u0161an\u0101s s\u012bkdatnes tiks dz\u0113stas.<\/p>\n<p>Ja redi\u0123\u0113jat vai public\u0113jat rakstu, p\u0101rl\u016bkprogramm\u0101 tiks saglab\u0101ta papildu s\u012bkdatne. \u0160\u012b s\u012bkdatne nesatur personisku inform\u0101ciju un vienk\u0101r\u0161i nor\u0101da raksta ID, kuru tikko redi\u0123\u0113j\u0101t. T\u0101 beidzas p\u0113c viena dienas.<\/p>\n<p><strong>Iegultais saturs no cit\u0101m vietn\u0113m<\/strong><\/p>\n<p>Ieteiktais teksts: Raksti \u0161aj\u0101 vietn\u0113 var ietvert iegultu saturu (piem\u0113ram, video, att\u0113lus, rakstus utt.). Ieguld\u012btie faili no cit\u0101m vietn\u0113m uzvedas tie\u0161i t\u0101pat k\u0101 apmekl\u0113t\u0101js apmekl\u0113jot \u0161o citu vietni.<\/p>\n<p>\u0160\u012bs vietnes var v\u0101kt datus par jums, izmantot s\u012bkdatnes, iegult papildus tre\u0161o pu\u0161u izseko\u0161anu un uzraudz\u012bt j\u016bsu mijiedarb\u012bbu ar \u0161o iegulto saturu, tostarp uzraudz\u012bt j\u016bsu mijiedarb\u012bbu ar iegulto saturu, ja jums ir konts un esat pieteicies \u0161aj\u0101 vietn\u0113.<\/p>\n<p><strong>Kam m\u0113s dal\u0101mies ar j\u016bsu datiem<\/strong><\/p>\n<p>Ieteiktais teksts: Ja piepras\u0101t paroles atiestat\u012b\u0161anu, j\u016bsu IP adrese tiks iek\u013cauta atiestat\u012b\u0161anas e-past\u0101.<\/p>\n<p><strong>Cik ilgi m\u0113s glab\u0101jam j\u016bsu datus<\/strong><\/p>\n<p>Ieteiktais teksts: Ja atst\u0101jiet koment\u0101ru, koment\u0101rs un t\u0101 metadati tiek glab\u0101ti neierobe\u017eotu laiku. Tas \u013cauj mums autom\u0101tiski atpaz\u012bt un apstiprin\u0101t turpm\u0101kos koment\u0101rus, nevis tur\u0113t tos moder\u0113\u0161anas rind\u0101.<\/p>\n<p>Lietot\u0101jiem, kas re\u0123istr\u0113ju\u0161ies m\u016bsu vietn\u0113 (ja t\u0101di ir), m\u0113s ar\u012b glab\u0101jam personisko inform\u0101ciju, ko vi\u0146i nor\u0101d\u012bju\u0161i sav\u0101 lietot\u0101ja profil\u0101. Visi lietot\u0101ji var apskat\u012bt, redi\u0123\u0113t vai izdz\u0113st savu personisko inform\u0101ciju jebkur\u0101 laik\u0101 (iz\u0146emot, ka vi\u0146i nevar main\u012bt savu lietot\u0101jv\u0101rdu). Vietnes administratori var ar\u012b apskat\u012bt un redi\u0123\u0113t \u0161o inform\u0101ciju.<\/p>\n<p><strong>K\u0101das ties\u012bbas jums ir uz j\u016bsu datiem<\/strong><\/p>\n<p>Ieteiktais teksts: Ja jums ir konts \u0161aj\u0101 vietn\u0113 vai esat atst\u0101jis koment\u0101rus, j\u016bs varat piepras\u012bt eksport\u0113tu failu ar personisko inform\u0101ciju, kuru m\u0113s glab\u0101jam par jums, tostarp jebkuriem datiem, ko j\u016bs mums esat sniedzis. J\u016bs varat ar\u012b piepras\u012bt, lai m\u0113s izdz\u0113\u0161am jebkuru personisko inform\u0101ciju, kuru m\u0113s glab\u0101jam par jums. Tas neietver datus, kurus mums ir pien\u0101kums saglab\u0101t administrat\u012bviem, juridiskiem vai dro\u0161\u012bbas m\u0113r\u0137iem.<\/p>\n<p><strong>Kur tiek nos\u016bt\u012bti j\u016bsu dati<\/strong><\/p>\n<p>Ieteiktais teksts: Apmekl\u0113t\u0101ju koment\u0101ri var tikt p\u0101rbaud\u012bti caur automatiz\u0113tu surog\u0101tpasta atkl\u0101\u0161anas pakalpojumu.<\/p>\t\t\t\t\t\t\t\t<\/div>\n\t\t\t\t<\/div>\n\t\t\t\t\t<\/div>\n\t\t<\/div>\n\t\t\t\t\t<\/div>\n\t\t<\/section>\n\t\t\t\t\t<\/div>\n\t\t<\/div>\n\t\t\t\t\t<\/div>\n\t\t<\/section>\n\t\t\t\t<\/div>","protected":false},"excerpt":{"rendered":"<p>Par mums Ieteiktais teksts: M\u00c5\u00absu vietnes adrese ir: https:\/\/turkishgourmet.lv. Koment\u00c4\u0081ri Ieteiktais teksts: Kad apmekl\u00c4\u201ct\u00c4\u0081ji atst\u00c4\u0081j koment\u00c4\u0081rus vietn\u00c4\u201c, m\u00c4\u201cs v\u00c4\u0081kam datus, kas nor\u00c4\u0081d\u00c4\u00abti koment\u00c4\u0081ru veidlap\u00c4\u0081, k\u00c4\u0081 ar\u00c4\u00ab apmekl\u00c4\u201ct\u00c4\u0081ja IP adresi un p\u00c4\u0081rl\u00c5\u00abkprogrammas lietot\u00c4\u0081ja a\u00c4\u00a3enta virkni, lai pal\u00c4\u00abdz\u00c4\u201ctu nov\u00c4\u201crst surog\u00c4\u0081tpastu. Anonimiz\u00c4\u201cta virkne, kas izveidota no j\u00c5\u00absu e-pasta adreses (saukta ar\u00c4\u00ab par kaktu), var tikt nodota Gravatar pakalpojumam, [&hellip;]<\/p>\n","protected":false},"author":1,"featured_media":0,"parent":0,"menu_order":0,"comment_status":"closed","ping_status":"closed","template":"elementor_header_footer","meta":{"_acf_changed":false,"footnotes":""},"class_list":["post-3","page","type-page","status-publish","hentry"],"acf":[],"_links":{"self":[{"href":"https:\/\/turkishgourmet.lv\/en\/wp-json\/wp\/v2\/pages\/3","targetHints":{"allow":["GET"]}}],"collection":[{"href":"https:\/\/turkishgourmet.lv\/en\/wp-json\/wp\/v2\/pages"}],"about":[{"href":"https:\/\/turkishgourmet.lv\/en\/wp-json\/wp\/v2\/types\/page"}],"author":[{"embeddable":true,"href":"https:\/\/turkishgourmet.lv\/en\/wp-json\/wp\/v2\/users\/1"}],"replies":[{"embeddable":true,"href":"https:\/\/turkishgourmet.lv\/en\/wp-json\/wp\/v2\/comments?post=3"}],"version-history":[{"count":11,"href":"https:\/\/turkishgourmet.lv\/en\/wp-json\/wp\/v2\/pages\/3\/revisions"}],"predecessor-version":[{"id":2152,"href":"https:\/\/turkishgourmet.lv\/en\/wp-json\/wp\/v2\/pages\/3\/revisions\/2152"}],"wp:attachment":[{"href":"https:\/\/turkishgourmet.lv\/en\/wp-json\/wp\/v2\/media?parent=3"}],"curies":[{"name":"wp","href":"https:\/\/api.w.org\/{rel}","templated":true}]}}